{"id":28213,"date":"2024-07-12T17:26:03","date_gmt":"2024-07-12T15:26:03","guid":{"rendered":"https:\/\/www.huwise.com\/?page_id=28213"},"modified":"2025-09-18T09:19:27","modified_gmt":"2025-09-18T07:19:27","slug":"data-maturity-tool","status":"publish","type":"page","link":"https:\/\/www.huwise.com\/en\/data-maturity-tool\/","title":{"rendered":"Data maturity tool"},"content":{"rendered":"","protected":false},"excerpt":{"rendered":"","protected":false},"author":17,"featured_media":0,"parent":0,"menu_order":0,"comment_status":"closed","ping_status":"closed","template":"page-features.php","meta":{"_acf_changed":false,"inline_featured_image":false,"footnotes":""},"page_type":[],"class_list":["post-28213","page","type-page","status-publish","hentry"],"acf":[],"yoast_head":"<!-- This site is optimized with the Yoast SEO plugin v27.1.1 - https:\/\/yoast.com\/product\/yoast-seo-wordpress\/ -->\n<title>Assess your data maturity quickly and easily<\/title>\n<meta name=\"description\" content=\"Is your organization data-centric?Find out which profile matches your organization based on your data strategy, corporate culture, governance resources, and current ambitions.\" \/>\n<meta name=\"robots\" content=\"index, follow, max-snippet:-1, max-image-preview:large, max-video-preview:-1\" \/>\n<link rel=\"canonical\" href=\"https:\/\/www.huwise.com\/en\/data-maturity-tool\/\" \/>\n<meta property=\"og:locale\" content=\"en_US\" \/>\n<meta property=\"og:type\" content=\"article\" \/>\n<meta property=\"og:title\" content=\"Calculez votre score de maturit\u00e9 data\" \/>\n<meta property=\"og:description\" content=\"Etes-vous data-centric ? D\u00e9couvrez votre profil en fonction de votre strat\u00e9gie data, culture d&#039;entreprise, ressources allou\u00e9es \u00e0 votre gouvernance et ambitions.\" \/>\n<meta property=\"og:url\" content=\"https:\/\/www.huwise.com\/en\/data-maturity-tool\/\" \/>\n<meta property=\"og:site_name\" content=\"Huwise\" \/>\n<meta property=\"article:modified_time\" content=\"2025-09-18T07:19:27+00:00\" \/>\n<meta name=\"twitter:card\" content=\"summary_large_image\" \/>\n<script type=\"application\/ld+json\" class=\"yoast-schema-graph\">{\n\t    \"@context\": \"https:\/\/schema.org\",\n\t    \"@graph\": [\n\t        {\n\t            \"@type\": \"WebPage\",\n\t            \"@id\": \"https:\/\/www.huwise.com\/en\/data-maturity-tool\/\",\n\t            \"url\": \"https:\/\/www.huwise.com\/en\/data-maturity-tool\/\",\n\t            \"name\": \"Assess your data maturity quickly and easily\",\n\t            \"isPartOf\": {\n\t                \"@id\": \"https:\/\/www.huwise.com\/en\/#website\"\n\t            },\n\t            \"datePublished\": \"2024-07-12T15:26:03+00:00\",\n\t            \"dateModified\": \"2025-09-18T07:19:27+00:00\",\n\t            \"description\": \"Is your organization data-centric?Find out which profile matches your organization based on your data strategy, corporate culture, governance resources, and current ambitions.\",\n\t            \"breadcrumb\": {\n\t                \"@id\": \"https:\/\/www.huwise.com\/en\/data-maturity-tool\/#breadcrumb\"\n\t            },\n\t            \"inLanguage\": \"en-US\",\n\t            \"potentialAction\": [\n\t                {\n\t                    \"@type\": \"ReadAction\",\n\t                    \"target\": [\n\t                        \"https:\/\/www.huwise.com\/en\/data-maturity-tool\/\"\n\t                    ]\n\t                }\n\t            ]\n\t        },\n\t        {\n\t            \"@type\": \"BreadcrumbList\",\n\t            \"@id\": \"https:\/\/www.huwise.com\/en\/data-maturity-tool\/#breadcrumb\",\n\t            \"itemListElement\": [\n\t                {\n\t                    \"@type\": \"ListItem\",\n\t                    \"position\": 1,\n\t                    \"name\": \"Home\",\n\t                    \"item\": \"https:\/\/www.huwise.com\/en\/\"\n\t                },\n\t                {\n\t                    \"@type\": \"ListItem\",\n\t                    \"position\": 2,\n\t                    \"name\": \"Data maturity tool\"\n\t                }\n\t            ]\n\t        },\n\t        {\n\t            \"@type\": \"WebSite\",\n\t            \"@id\": \"https:\/\/www.huwise.com\/en\/#website\",\n\t            \"url\": \"https:\/\/www.huwise.com\/en\/\",\n\t            \"name\": \"Huwise\",\n\t            \"description\": \"Leading solution for data sharing\",\n\t            \"publisher\": {\n\t                \"@id\": \"https:\/\/www.huwise.com\/en\/#organization\"\n\t            },\n\t            \"potentialAction\": [\n\t                {\n\t                    \"@type\": \"SearchAction\",\n\t                    \"target\": {\n\t                        \"@type\": \"EntryPoint\",\n\t                        \"urlTemplate\": \"https:\/\/www.huwise.com\/en\/?s={search_term_string}\"\n\t                    },\n\t                    \"query-input\": {\n\t                        \"@type\": \"PropertyValueSpecification\",\n\t                        \"valueRequired\": true,\n\t                        \"valueName\": \"search_term_string\"\n\t                    }\n\t                }\n\t            ],\n\t            \"inLanguage\": \"en-US\"\n\t        },\n\t        {\n\t            \"@type\": \"Organization\",\n\t            \"@id\": \"https:\/\/www.huwise.com\/en\/#organization\",\n\t            \"name\": \"Huwise\",\n\t            \"url\": \"https:\/\/www.huwise.com\/en\/\",\n\t            \"logo\": {\n\t                \"@type\": \"ImageObject\",\n\t                \"inLanguage\": \"en-US\",\n\t                \"@id\": \"https:\/\/www.huwise.com\/en\/#\/schema\/logo\/image\/\",\n\t                \"url\": \"https:\/\/www.huwise.com\/wp-content\/uploads\/2025\/12\/cropped-Favicon_512x512.png\",\n\t                \"contentUrl\": \"https:\/\/www.huwise.com\/wp-content\/uploads\/2025\/12\/cropped-Favicon_512x512.png\",\n\t                \"width\": 512,\n\t                \"height\": 512,\n\t                \"caption\": \"Huwise\"\n\t            },\n\t            \"image\": {\n\t                \"@id\": \"https:\/\/www.huwise.com\/en\/#\/schema\/logo\/image\/\"\n\t            }\n\t        }\n\t    ]\n\t}<\/script>\n<!-- \/ Yoast SEO plugin. -->","yoast_head_json":{"title":"Assess your data maturity quickly and easily","description":"Is your organization data-centric?Find out which profile matches your organization based on your data strategy, corporate culture, governance resources, and current ambitions.","robots":{"index":"index","follow":"follow","max-snippet":"max-snippet:-1","max-image-preview":"max-image-preview:large","max-video-preview":"max-video-preview:-1"},"canonical":"https:\/\/www.huwise.com\/en\/data-maturity-tool\/","og_locale":"en_US","og_type":"article","og_title":"Calculez votre score de maturit\u00e9 data","og_description":"Etes-vous data-centric ? D\u00e9couvrez votre profil en fonction de votre strat\u00e9gie data, culture d'entreprise, ressources allou\u00e9es \u00e0 votre gouvernance et ambitions.","og_url":"https:\/\/www.huwise.com\/en\/data-maturity-tool\/","og_site_name":"Huwise","article_modified_time":"2025-09-18T07:19:27+00:00","twitter_card":"summary_large_image","schema":{"@context":"https:\/\/schema.org","@graph":[{"@type":"WebPage","@id":"https:\/\/www.huwise.com\/en\/data-maturity-tool\/","url":"https:\/\/www.huwise.com\/en\/data-maturity-tool\/","name":"Assess your data maturity quickly and easily","isPartOf":{"@id":"https:\/\/www.huwise.com\/en\/#website"},"datePublished":"2024-07-12T15:26:03+00:00","dateModified":"2025-09-18T07:19:27+00:00","description":"Is your organization data-centric?Find out which profile matches your organization based on your data strategy, corporate culture, governance resources, and current ambitions.","breadcrumb":{"@id":"https:\/\/www.huwise.com\/en\/data-maturity-tool\/#breadcrumb"},"inLanguage":"en-US","potentialAction":[{"@type":"ReadAction","target":["https:\/\/www.huwise.com\/en\/data-maturity-tool\/"]}]},{"@type":"BreadcrumbList","@id":"https:\/\/www.huwise.com\/en\/data-maturity-tool\/#breadcrumb","itemListElement":[{"@type":"ListItem","position":1,"name":"Home","item":"https:\/\/www.huwise.com\/en\/"},{"@type":"ListItem","position":2,"name":"Data maturity tool"}]},{"@type":"WebSite","@id":"https:\/\/www.huwise.com\/en\/#website","url":"https:\/\/www.huwise.com\/en\/","name":"Huwise","description":"Leading solution for data sharing","publisher":{"@id":"https:\/\/www.huwise.com\/en\/#organization"},"potentialAction":[{"@type":"SearchAction","target":{"@type":"EntryPoint","urlTemplate":"https:\/\/www.huwise.com\/en\/?s={search_term_string}"},"query-input":{"@type":"PropertyValueSpecification","valueRequired":true,"valueName":"search_term_string"}}],"inLanguage":"en-US"},{"@type":"Organization","@id":"https:\/\/www.huwise.com\/en\/#organization","name":"Huwise","url":"https:\/\/www.huwise.com\/en\/","logo":{"@type":"ImageObject","inLanguage":"en-US","@id":"https:\/\/www.huwise.com\/en\/#\/schema\/logo\/image\/","url":"https:\/\/www.huwise.com\/wp-content\/uploads\/2025\/12\/cropped-Favicon_512x512.png","contentUrl":"https:\/\/www.huwise.com\/wp-content\/uploads\/2025\/12\/cropped-Favicon_512x512.png","width":512,"height":512,"caption":"Huwise"},"image":{"@id":"https:\/\/www.huwise.com\/en\/#\/schema\/logo\/image\/"}}]}},"_links":{"self":[{"href":"https:\/\/www.huwise.com\/en\/wp-json\/wp\/v2\/pages\/28213","targetHints":{"allow":["GET"]}}],"collection":[{"href":"https:\/\/www.huwise.com\/en\/wp-json\/wp\/v2\/pages"}],"about":[{"href":"https:\/\/www.huwise.com\/en\/wp-json\/wp\/v2\/types\/page"}],"author":[{"embeddable":true,"href":"https:\/\/www.huwise.com\/en\/wp-json\/wp\/v2\/users\/17"}],"replies":[{"embeddable":true,"href":"https:\/\/www.huwise.com\/en\/wp-json\/wp\/v2\/comments?post=28213"}],"version-history":[{"count":6,"href":"https:\/\/www.huwise.com\/en\/wp-json\/wp\/v2\/pages\/28213\/revisions"}],"predecessor-version":[{"id":35134,"href":"https:\/\/www.huwise.com\/en\/wp-json\/wp\/v2\/pages\/28213\/revisions\/35134"}],"wp:attachment":[{"href":"https:\/\/www.huwise.com\/en\/wp-json\/wp\/v2\/media?parent=28213"}],"wp:term":[{"taxonomy":"page_type","embeddable":true,"href":"https:\/\/www.huwise.com\/en\/wp-json\/wp\/v2\/page_type?post=28213"}],"curies":[{"name":"wp","href":"https:\/\/api.w.org\/{rel}","templated":true}]}}