{"id":19439,"date":"2023-03-28T12:15:40","date_gmt":"2023-03-28T10:15:40","guid":{"rendered":"https:\/\/www.huwise.com\/what-is-open-data-practical-guide\/"},"modified":"2026-01-21T10:30:19","modified_gmt":"2026-01-21T09:30:19","slug":"qu-est-ce-que-l-open-data-guide-pratique","status":"publish","type":"page","link":"https:\/\/www.huwise.com\/fr\/qu-est-ce-que-l-open-data-guide-pratique\/","title":{"rendered":"Qu\u2019est-ce que l\u2019open data ? Guide pratique"},"content":{"rendered":"<p>tous ces \u00e9l\u00e9ments doivent \u00eatre v\u00e9rifi\u00e9s r\u00e9guli\u00e8rement<\/p>\n","protected":false},"excerpt":{"rendered":"<p>tous ces \u00e9l\u00e9ments doivent \u00eatre v\u00e9rifi\u00e9s r\u00e9guli\u00e8rement<\/p>\n","protected":false},"author":1,"featured_media":0,"parent":0,"menu_order":0,"comment_status":"closed","ping_status":"closed","template":"page-features.php","meta":{"_acf_changed":false,"inline_featured_image":false,"footnotes":""},"page_type":[],"class_list":["post-19439","page","type-page","status-publish","hentry"],"acf":[],"yoast_head":"<!-- This site is optimized with the Yoast SEO plugin v27.1.1 - https:\/\/yoast.com\/product\/yoast-seo-wordpress\/ -->\n<title>Qu\u2019est-ce que l\u2019open data ? Guide pratique - Huwise<\/title>\n<meta name=\"description\" content=\"D\u00e9couvrez ce qu&#039;est l&#039;open data, ses b\u00e9n\u00e9fices et ses avantages pour les organisations. D\u00e9bloquez son potentiel avec notre guide complet.\" \/>\n<meta name=\"robots\" content=\"index, follow, max-snippet:-1, max-image-preview:large, max-video-preview:-1\" \/>\n<link rel=\"canonical\" href=\"https:\/\/www.huwise.com\/fr\/qu-est-ce-que-l-open-data-guide-pratique\/\" \/>\n<meta property=\"og:locale\" content=\"fr_FR\" \/>\n<meta property=\"og:type\" content=\"article\" \/>\n<meta property=\"og:title\" content=\"Qu\u2019est-ce que l\u2019open data ? Guide pratique - Huwise\" \/>\n<meta property=\"og:description\" content=\"D\u00e9couvrez ce qu&#039;est l&#039;open data, ses b\u00e9n\u00e9fices et ses avantages pour les organisations. D\u00e9bloquez son potentiel avec notre guide complet.\" \/>\n<meta property=\"og:url\" content=\"https:\/\/www.huwise.com\/fr\/qu-est-ce-que-l-open-data-guide-pratique\/\" \/>\n<meta property=\"og:site_name\" content=\"Huwise\" \/>\n<meta property=\"article:modified_time\" content=\"2026-01-21T09:30:19+00:00\" \/>\n<meta name=\"twitter:card\" content=\"summary_large_image\" \/>\n<script type=\"application\/ld+json\" class=\"yoast-schema-graph\">{\n\t    \"@context\": \"https:\/\/schema.org\",\n\t    \"@graph\": [\n\t        {\n\t            \"@type\": \"WebPage\",\n\t            \"@id\": \"https:\/\/www.huwise.com\/fr\/qu-est-ce-que-l-open-data-guide-pratique\/\",\n\t            \"url\": \"https:\/\/www.huwise.com\/fr\/qu-est-ce-que-l-open-data-guide-pratique\/\",\n\t            \"name\": \"Qu\u2019est-ce que l\u2019open data ? Guide pratique - Huwise\",\n\t            \"isPartOf\": {\n\t                \"@id\": \"https:\/\/www.huwise.com\/fr\/#website\"\n\t            },\n\t            \"datePublished\": \"2023-03-28T10:15:40+00:00\",\n\t            \"dateModified\": \"2026-01-21T09:30:19+00:00\",\n\t            \"description\": \"D\u00e9couvrez ce qu'est l'open data, ses b\u00e9n\u00e9fices et ses avantages pour les organisations. D\u00e9bloquez son potentiel avec notre guide complet.\",\n\t            \"breadcrumb\": {\n\t                \"@id\": \"https:\/\/www.huwise.com\/fr\/qu-est-ce-que-l-open-data-guide-pratique\/#breadcrumb\"\n\t            },\n\t            \"inLanguage\": \"fr-FR\",\n\t            \"potentialAction\": [\n\t                {\n\t                    \"@type\": \"ReadAction\",\n\t                    \"target\": [\n\t                        \"https:\/\/www.huwise.com\/fr\/qu-est-ce-que-l-open-data-guide-pratique\/\"\n\t                    ]\n\t                }\n\t            ]\n\t        },\n\t        {\n\t            \"@type\": \"BreadcrumbList\",\n\t            \"@id\": \"https:\/\/www.huwise.com\/fr\/qu-est-ce-que-l-open-data-guide-pratique\/#breadcrumb\",\n\t            \"itemListElement\": [\n\t                {\n\t                    \"@type\": \"ListItem\",\n\t                    \"position\": 1,\n\t                    \"name\": \"Home\",\n\t                    \"item\": \"https:\/\/www.huwise.com\/fr\/\"\n\t                },\n\t                {\n\t                    \"@type\": \"ListItem\",\n\t                    \"position\": 2,\n\t                    \"name\": \"Qu\u2019est-ce que l\u2019open data ? Guide pratique\"\n\t                }\n\t            ]\n\t        },\n\t        {\n\t            \"@type\": \"WebSite\",\n\t            \"@id\": \"https:\/\/www.huwise.com\/fr\/#website\",\n\t            \"url\": \"https:\/\/www.huwise.com\/fr\/\",\n\t            \"name\": \"Huwise\",\n\t            \"description\": \"Leading solution for data sharing\",\n\t            \"publisher\": {\n\t                \"@id\": \"https:\/\/www.huwise.com\/fr\/#organization\"\n\t            },\n\t            \"potentialAction\": [\n\t                {\n\t                    \"@type\": \"SearchAction\",\n\t                    \"target\": {\n\t                        \"@type\": \"EntryPoint\",\n\t                        \"urlTemplate\": \"https:\/\/www.huwise.com\/fr\/?s={search_term_string}\"\n\t                    },\n\t                    \"query-input\": {\n\t                        \"@type\": \"PropertyValueSpecification\",\n\t                        \"valueRequired\": true,\n\t                        \"valueName\": \"search_term_string\"\n\t                    }\n\t                }\n\t            ],\n\t            \"inLanguage\": \"fr-FR\"\n\t        },\n\t        {\n\t            \"@type\": \"Organization\",\n\t            \"@id\": \"https:\/\/www.huwise.com\/fr\/#organization\",\n\t            \"name\": \"Huwise\",\n\t            \"url\": \"https:\/\/www.huwise.com\/fr\/\",\n\t            \"logo\": {\n\t                \"@type\": \"ImageObject\",\n\t                \"inLanguage\": \"fr-FR\",\n\t                \"@id\": \"https:\/\/www.huwise.com\/fr\/#\/schema\/logo\/image\/\",\n\t                \"url\": \"https:\/\/www.huwise.com\/wp-content\/uploads\/2025\/12\/cropped-Favicon_512x512.png\",\n\t                \"contentUrl\": \"https:\/\/www.huwise.com\/wp-content\/uploads\/2025\/12\/cropped-Favicon_512x512.png\",\n\t                \"width\": 512,\n\t                \"height\": 512,\n\t                \"caption\": \"Huwise\"\n\t            },\n\t            \"image\": {\n\t                \"@id\": \"https:\/\/www.huwise.com\/fr\/#\/schema\/logo\/image\/\"\n\t            }\n\t        }\n\t    ]\n\t}<\/script>\n<!-- \/ Yoast SEO plugin. -->","yoast_head_json":{"title":"Qu\u2019est-ce que l\u2019open data ? Guide pratique - Huwise","description":"D\u00e9couvrez ce qu'est l'open data, ses b\u00e9n\u00e9fices et ses avantages pour les organisations. D\u00e9bloquez son potentiel avec notre guide complet.","robots":{"index":"index","follow":"follow","max-snippet":"max-snippet:-1","max-image-preview":"max-image-preview:large","max-video-preview":"max-video-preview:-1"},"canonical":"https:\/\/www.huwise.com\/fr\/qu-est-ce-que-l-open-data-guide-pratique\/","og_locale":"fr_FR","og_type":"article","og_title":"Qu\u2019est-ce que l\u2019open data ? Guide pratique - Huwise","og_description":"D\u00e9couvrez ce qu'est l'open data, ses b\u00e9n\u00e9fices et ses avantages pour les organisations. D\u00e9bloquez son potentiel avec notre guide complet.","og_url":"https:\/\/www.huwise.com\/fr\/qu-est-ce-que-l-open-data-guide-pratique\/","og_site_name":"Huwise","article_modified_time":"2026-01-21T09:30:19+00:00","twitter_card":"summary_large_image","schema":{"@context":"https:\/\/schema.org","@graph":[{"@type":"WebPage","@id":"https:\/\/www.huwise.com\/fr\/qu-est-ce-que-l-open-data-guide-pratique\/","url":"https:\/\/www.huwise.com\/fr\/qu-est-ce-que-l-open-data-guide-pratique\/","name":"Qu\u2019est-ce que l\u2019open data ? Guide pratique - Huwise","isPartOf":{"@id":"https:\/\/www.huwise.com\/fr\/#website"},"datePublished":"2023-03-28T10:15:40+00:00","dateModified":"2026-01-21T09:30:19+00:00","description":"D\u00e9couvrez ce qu'est l'open data, ses b\u00e9n\u00e9fices et ses avantages pour les organisations. D\u00e9bloquez son potentiel avec notre guide complet.","breadcrumb":{"@id":"https:\/\/www.huwise.com\/fr\/qu-est-ce-que-l-open-data-guide-pratique\/#breadcrumb"},"inLanguage":"fr-FR","potentialAction":[{"@type":"ReadAction","target":["https:\/\/www.huwise.com\/fr\/qu-est-ce-que-l-open-data-guide-pratique\/"]}]},{"@type":"BreadcrumbList","@id":"https:\/\/www.huwise.com\/fr\/qu-est-ce-que-l-open-data-guide-pratique\/#breadcrumb","itemListElement":[{"@type":"ListItem","position":1,"name":"Home","item":"https:\/\/www.huwise.com\/fr\/"},{"@type":"ListItem","position":2,"name":"Qu\u2019est-ce que l\u2019open data ? Guide pratique"}]},{"@type":"WebSite","@id":"https:\/\/www.huwise.com\/fr\/#website","url":"https:\/\/www.huwise.com\/fr\/","name":"Huwise","description":"Leading solution for data sharing","publisher":{"@id":"https:\/\/www.huwise.com\/fr\/#organization"},"potentialAction":[{"@type":"SearchAction","target":{"@type":"EntryPoint","urlTemplate":"https:\/\/www.huwise.com\/fr\/?s={search_term_string}"},"query-input":{"@type":"PropertyValueSpecification","valueRequired":true,"valueName":"search_term_string"}}],"inLanguage":"fr-FR"},{"@type":"Organization","@id":"https:\/\/www.huwise.com\/fr\/#organization","name":"Huwise","url":"https:\/\/www.huwise.com\/fr\/","logo":{"@type":"ImageObject","inLanguage":"fr-FR","@id":"https:\/\/www.huwise.com\/fr\/#\/schema\/logo\/image\/","url":"https:\/\/www.huwise.com\/wp-content\/uploads\/2025\/12\/cropped-Favicon_512x512.png","contentUrl":"https:\/\/www.huwise.com\/wp-content\/uploads\/2025\/12\/cropped-Favicon_512x512.png","width":512,"height":512,"caption":"Huwise"},"image":{"@id":"https:\/\/www.huwise.com\/fr\/#\/schema\/logo\/image\/"}}]}},"_links":{"self":[{"href":"https:\/\/www.huwise.com\/fr\/wp-json\/wp\/v2\/pages\/19439","targetHints":{"allow":["GET"]}}],"collection":[{"href":"https:\/\/www.huwise.com\/fr\/wp-json\/wp\/v2\/pages"}],"about":[{"href":"https:\/\/www.huwise.com\/fr\/wp-json\/wp\/v2\/types\/page"}],"author":[{"embeddable":true,"href":"https:\/\/www.huwise.com\/fr\/wp-json\/wp\/v2\/users\/1"}],"replies":[{"embeddable":true,"href":"https:\/\/www.huwise.com\/fr\/wp-json\/wp\/v2\/comments?post=19439"}],"version-history":[{"count":50,"href":"https:\/\/www.huwise.com\/fr\/wp-json\/wp\/v2\/pages\/19439\/revisions"}],"predecessor-version":[{"id":38804,"href":"https:\/\/www.huwise.com\/fr\/wp-json\/wp\/v2\/pages\/19439\/revisions\/38804"}],"wp:attachment":[{"href":"https:\/\/www.huwise.com\/fr\/wp-json\/wp\/v2\/media?parent=19439"}],"wp:term":[{"taxonomy":"page_type","embeddable":true,"href":"https:\/\/www.huwise.com\/fr\/wp-json\/wp\/v2\/page_type?post=19439"}],"curies":[{"name":"wp","href":"https:\/\/api.w.org\/{rel}","templated":true}]}}