{"id":26345,"date":"2024-06-24T17:03:34","date_gmt":"2024-06-24T15:03:34","guid":{"rendered":"https:\/\/www.huwise.com\/?page_id=26345"},"modified":"2026-04-02T12:12:31","modified_gmt":"2026-04-02T10:12:31","slug":"automatisation-du-portail","status":"publish","type":"page","link":"https:\/\/www.huwise.com\/fr\/automatisation-du-portail\/","title":{"rendered":"Automatisation de la marketplace"},"content":{"rendered":"","protected":false},"excerpt":{"rendered":"","protected":false},"author":17,"featured_media":35829,"parent":0,"menu_order":0,"comment_status":"closed","ping_status":"closed","template":"page-features.php","meta":{"_acf_changed":false,"inline_featured_image":false,"footnotes":""},"page_type":[],"class_list":["post-26345","page","type-page","status-publish","has-post-thumbnail","hentry"],"acf":[],"yoast_head":"<!-- This site is optimized with the Yoast SEO plugin v27.1.1 - https:\/\/yoast.com\/product\/yoast-seo-wordpress\/ -->\n<title>Solution de portail de donn\u00e9es automatis\u00e9e et s\u00e9curis\u00e9e<\/title>\n<meta name=\"description\" content=\"Simplifiez la gestion de votre data marketplace gr\u00e2ce \u00e0 l&#039;automatisation et une interop\u00e9rabilit\u00e9 fluide avec tous vos outils.\" \/>\n<meta name=\"robots\" content=\"index, follow, max-snippet:-1, max-image-preview:large, max-video-preview:-1\" \/>\n<link rel=\"canonical\" href=\"https:\/\/www.huwise.com\/fr\/automatisation-du-portail\/\" \/>\n<meta property=\"og:locale\" content=\"fr_FR\" \/>\n<meta property=\"og:type\" content=\"article\" \/>\n<meta property=\"og:title\" content=\"Solution de portail de donn\u00e9es automatis\u00e9e et s\u00e9curis\u00e9e\" \/>\n<meta property=\"og:description\" content=\"Simplifiez la gestion de votre data marketplace gr\u00e2ce \u00e0 l&#039;automatisation et une interop\u00e9rabilit\u00e9 fluide avec tous vos outils.\" \/>\n<meta property=\"og:url\" content=\"https:\/\/www.huwise.com\/fr\/automatisation-du-portail\/\" \/>\n<meta property=\"og:site_name\" content=\"Huwise\" \/>\n<meta property=\"article:modified_time\" content=\"2026-04-02T10:12:31+00:00\" \/>\n<meta property=\"og:image\" content=\"https:\/\/www.huwise.com\/wp-content\/uploads\/2025\/09\/Header-automation-EN.jpg\" \/>\n\t<meta property=\"og:image:width\" content=\"1400\" \/>\n\t<meta property=\"og:image:height\" content=\"800\" \/>\n\t<meta property=\"og:image:type\" content=\"image\/jpeg\" \/>\n<meta name=\"twitter:card\" content=\"summary_large_image\" \/>\n<script type=\"application\/ld+json\" class=\"yoast-schema-graph\">{\n\t    \"@context\": \"https:\/\/schema.org\",\n\t    \"@graph\": [\n\t        {\n\t            \"@type\": \"WebPage\",\n\t            \"@id\": \"https:\/\/www.huwise.com\/fr\/automatisation-du-portail\/\",\n\t            \"url\": \"https:\/\/www.huwise.com\/fr\/automatisation-du-portail\/\",\n\t            \"name\": \"Solution de portail de donn\u00e9es automatis\u00e9e et s\u00e9curis\u00e9e\",\n\t            \"isPartOf\": {\n\t                \"@id\": \"https:\/\/www.huwise.com\/fr\/#website\"\n\t            },\n\t            \"primaryImageOfPage\": {\n\t                \"@id\": \"https:\/\/www.huwise.com\/fr\/automatisation-du-portail\/#primaryimage\"\n\t            },\n\t            \"image\": {\n\t                \"@id\": \"https:\/\/www.huwise.com\/fr\/automatisation-du-portail\/#primaryimage\"\n\t            },\n\t            \"thumbnailUrl\": \"https:\/\/www.huwise.com\/wp-content\/uploads\/2025\/09\/Header-automation-EN.jpg\",\n\t            \"datePublished\": \"2024-06-24T15:03:34+00:00\",\n\t            \"dateModified\": \"2026-04-02T10:12:31+00:00\",\n\t            \"description\": \"Simplifiez la gestion de votre data marketplace gr\u00e2ce \u00e0 l'automatisation et une interop\u00e9rabilit\u00e9 fluide avec tous vos outils.\",\n\t            \"breadcrumb\": {\n\t                \"@id\": \"https:\/\/www.huwise.com\/fr\/automatisation-du-portail\/#breadcrumb\"\n\t            },\n\t            \"inLanguage\": \"fr-FR\",\n\t            \"potentialAction\": [\n\t                {\n\t                    \"@type\": \"ReadAction\",\n\t                    \"target\": [\n\t                        \"https:\/\/www.huwise.com\/fr\/automatisation-du-portail\/\"\n\t                    ]\n\t                }\n\t            ]\n\t        },\n\t        {\n\t            \"@type\": \"ImageObject\",\n\t            \"inLanguage\": \"fr-FR\",\n\t            \"@id\": \"https:\/\/www.huwise.com\/fr\/automatisation-du-portail\/#primaryimage\",\n\t            \"url\": \"https:\/\/www.huwise.com\/wp-content\/uploads\/2025\/09\/Header-automation-EN.jpg\",\n\t            \"contentUrl\": \"https:\/\/www.huwise.com\/wp-content\/uploads\/2025\/09\/Header-automation-EN.jpg\",\n\t            \"width\": 1400,\n\t            \"height\": 800\n\t        },\n\t        {\n\t            \"@type\": \"BreadcrumbList\",\n\t            \"@id\": \"https:\/\/www.huwise.com\/fr\/automatisation-du-portail\/#breadcrumb\",\n\t            \"itemListElement\": [\n\t                {\n\t                    \"@type\": \"ListItem\",\n\t                    \"position\": 1,\n\t                    \"name\": \"Home\",\n\t                    \"item\": \"https:\/\/www.huwise.com\/fr\/\"\n\t                },\n\t                {\n\t                    \"@type\": \"ListItem\",\n\t                    \"position\": 2,\n\t                    \"name\": \"Automatisation de la marketplace\"\n\t                }\n\t            ]\n\t        },\n\t        {\n\t            \"@type\": \"WebSite\",\n\t            \"@id\": \"https:\/\/www.huwise.com\/fr\/#website\",\n\t            \"url\": \"https:\/\/www.huwise.com\/fr\/\",\n\t            \"name\": \"Huwise\",\n\t            \"description\": \"Leading solution for data sharing\",\n\t            \"publisher\": {\n\t                \"@id\": \"https:\/\/www.huwise.com\/fr\/#organization\"\n\t            },\n\t            \"potentialAction\": [\n\t                {\n\t                    \"@type\": \"SearchAction\",\n\t                    \"target\": {\n\t                        \"@type\": \"EntryPoint\",\n\t                        \"urlTemplate\": \"https:\/\/www.huwise.com\/fr\/?s={search_term_string}\"\n\t                    },\n\t                    \"query-input\": {\n\t                        \"@type\": \"PropertyValueSpecification\",\n\t                        \"valueRequired\": true,\n\t                        \"valueName\": \"search_term_string\"\n\t                    }\n\t                }\n\t            ],\n\t            \"inLanguage\": \"fr-FR\"\n\t        },\n\t        {\n\t            \"@type\": \"Organization\",\n\t            \"@id\": \"https:\/\/www.huwise.com\/fr\/#organization\",\n\t            \"name\": \"Huwise\",\n\t            \"url\": \"https:\/\/www.huwise.com\/fr\/\",\n\t            \"logo\": {\n\t                \"@type\": \"ImageObject\",\n\t                \"inLanguage\": \"fr-FR\",\n\t                \"@id\": \"https:\/\/www.huwise.com\/fr\/#\/schema\/logo\/image\/\",\n\t                \"url\": \"https:\/\/www.huwise.com\/wp-content\/uploads\/2025\/12\/cropped-Favicon_512x512.png\",\n\t                \"contentUrl\": \"https:\/\/www.huwise.com\/wp-content\/uploads\/2025\/12\/cropped-Favicon_512x512.png\",\n\t                \"width\": 512,\n\t                \"height\": 512,\n\t                \"caption\": \"Huwise\"\n\t            },\n\t            \"image\": {\n\t                \"@id\": \"https:\/\/www.huwise.com\/fr\/#\/schema\/logo\/image\/\"\n\t            }\n\t        }\n\t    ]\n\t}<\/script>\n<!-- \/ Yoast SEO plugin. -->","yoast_head_json":{"title":"Solution de portail de donn\u00e9es automatis\u00e9e et s\u00e9curis\u00e9e","description":"Simplifiez la gestion de votre data marketplace gr\u00e2ce \u00e0 l'automatisation et une interop\u00e9rabilit\u00e9 fluide avec tous vos outils.","robots":{"index":"index","follow":"follow","max-snippet":"max-snippet:-1","max-image-preview":"max-image-preview:large","max-video-preview":"max-video-preview:-1"},"canonical":"https:\/\/www.huwise.com\/fr\/automatisation-du-portail\/","og_locale":"fr_FR","og_type":"article","og_title":"Solution de portail de donn\u00e9es automatis\u00e9e et s\u00e9curis\u00e9e","og_description":"Simplifiez la gestion de votre data marketplace gr\u00e2ce \u00e0 l'automatisation et une interop\u00e9rabilit\u00e9 fluide avec tous vos outils.","og_url":"https:\/\/www.huwise.com\/fr\/automatisation-du-portail\/","og_site_name":"Huwise","article_modified_time":"2026-04-02T10:12:31+00:00","og_image":[{"width":1400,"height":800,"url":"https:\/\/www.huwise.com\/wp-content\/uploads\/2025\/09\/Header-automation-EN.jpg","type":"image\/jpeg"}],"twitter_card":"summary_large_image","schema":{"@context":"https:\/\/schema.org","@graph":[{"@type":"WebPage","@id":"https:\/\/www.huwise.com\/fr\/automatisation-du-portail\/","url":"https:\/\/www.huwise.com\/fr\/automatisation-du-portail\/","name":"Solution de portail de donn\u00e9es automatis\u00e9e et s\u00e9curis\u00e9e","isPartOf":{"@id":"https:\/\/www.huwise.com\/fr\/#website"},"primaryImageOfPage":{"@id":"https:\/\/www.huwise.com\/fr\/automatisation-du-portail\/#primaryimage"},"image":{"@id":"https:\/\/www.huwise.com\/fr\/automatisation-du-portail\/#primaryimage"},"thumbnailUrl":"https:\/\/www.huwise.com\/wp-content\/uploads\/2025\/09\/Header-automation-EN.jpg","datePublished":"2024-06-24T15:03:34+00:00","dateModified":"2026-04-02T10:12:31+00:00","description":"Simplifiez la gestion de votre data marketplace gr\u00e2ce \u00e0 l'automatisation et une interop\u00e9rabilit\u00e9 fluide avec tous vos outils.","breadcrumb":{"@id":"https:\/\/www.huwise.com\/fr\/automatisation-du-portail\/#breadcrumb"},"inLanguage":"fr-FR","potentialAction":[{"@type":"ReadAction","target":["https:\/\/www.huwise.com\/fr\/automatisation-du-portail\/"]}]},{"@type":"ImageObject","inLanguage":"fr-FR","@id":"https:\/\/www.huwise.com\/fr\/automatisation-du-portail\/#primaryimage","url":"https:\/\/www.huwise.com\/wp-content\/uploads\/2025\/09\/Header-automation-EN.jpg","contentUrl":"https:\/\/www.huwise.com\/wp-content\/uploads\/2025\/09\/Header-automation-EN.jpg","width":1400,"height":800},{"@type":"BreadcrumbList","@id":"https:\/\/www.huwise.com\/fr\/automatisation-du-portail\/#breadcrumb","itemListElement":[{"@type":"ListItem","position":1,"name":"Home","item":"https:\/\/www.huwise.com\/fr\/"},{"@type":"ListItem","position":2,"name":"Automatisation de la marketplace"}]},{"@type":"WebSite","@id":"https:\/\/www.huwise.com\/fr\/#website","url":"https:\/\/www.huwise.com\/fr\/","name":"Huwise","description":"Leading solution for data sharing","publisher":{"@id":"https:\/\/www.huwise.com\/fr\/#organization"},"potentialAction":[{"@type":"SearchAction","target":{"@type":"EntryPoint","urlTemplate":"https:\/\/www.huwise.com\/fr\/?s={search_term_string}"},"query-input":{"@type":"PropertyValueSpecification","valueRequired":true,"valueName":"search_term_string"}}],"inLanguage":"fr-FR"},{"@type":"Organization","@id":"https:\/\/www.huwise.com\/fr\/#organization","name":"Huwise","url":"https:\/\/www.huwise.com\/fr\/","logo":{"@type":"ImageObject","inLanguage":"fr-FR","@id":"https:\/\/www.huwise.com\/fr\/#\/schema\/logo\/image\/","url":"https:\/\/www.huwise.com\/wp-content\/uploads\/2025\/12\/cropped-Favicon_512x512.png","contentUrl":"https:\/\/www.huwise.com\/wp-content\/uploads\/2025\/12\/cropped-Favicon_512x512.png","width":512,"height":512,"caption":"Huwise"},"image":{"@id":"https:\/\/www.huwise.com\/fr\/#\/schema\/logo\/image\/"}}]}},"_links":{"self":[{"href":"https:\/\/www.huwise.com\/fr\/wp-json\/wp\/v2\/pages\/26345","targetHints":{"allow":["GET"]}}],"collection":[{"href":"https:\/\/www.huwise.com\/fr\/wp-json\/wp\/v2\/pages"}],"about":[{"href":"https:\/\/www.huwise.com\/fr\/wp-json\/wp\/v2\/types\/page"}],"author":[{"embeddable":true,"href":"https:\/\/www.huwise.com\/fr\/wp-json\/wp\/v2\/users\/17"}],"replies":[{"embeddable":true,"href":"https:\/\/www.huwise.com\/fr\/wp-json\/wp\/v2\/comments?post=26345"}],"version-history":[{"count":24,"href":"https:\/\/www.huwise.com\/fr\/wp-json\/wp\/v2\/pages\/26345\/revisions"}],"predecessor-version":[{"id":40571,"href":"https:\/\/www.huwise.com\/fr\/wp-json\/wp\/v2\/pages\/26345\/revisions\/40571"}],"wp:featuredmedia":[{"embeddable":true,"href":"https:\/\/www.huwise.com\/fr\/wp-json\/wp\/v2\/media\/35829"}],"wp:attachment":[{"href":"https:\/\/www.huwise.com\/fr\/wp-json\/wp\/v2\/media?parent=26345"}],"wp:term":[{"taxonomy":"page_type","embeddable":true,"href":"https:\/\/www.huwise.com\/fr\/wp-json\/wp\/v2\/page_type?post=26345"}],"curies":[{"name":"wp","href":"https:\/\/api.w.org\/{rel}","templated":true}]}}