{"id":26453,"date":"2024-06-24T21:01:45","date_gmt":"2024-06-24T19:01:45","guid":{"rendered":"https:\/\/www.huwise.com\/?page_id=26453"},"modified":"2025-12-18T12:32:57","modified_gmt":"2025-12-18T11:32:57","slug":"tableaux-de-bord-rapport","status":"publish","type":"page","link":"https:\/\/www.huwise.com\/fr\/tableaux-de-bord-rapport\/","title":{"rendered":"Tableaux de bord et rapports"},"content":{"rendered":"","protected":false},"excerpt":{"rendered":"","protected":false},"author":3,"featured_media":36076,"parent":0,"menu_order":0,"comment_status":"closed","ping_status":"closed","template":"page-features.php","meta":{"_acf_changed":false,"inline_featured_image":false,"footnotes":""},"page_type":[],"class_list":["post-26453","page","type-page","status-publish","has-post-thumbnail","hentry"],"acf":[],"yoast_head":"<!-- This site is optimized with the Yoast SEO plugin v27.1.1 - https:\/\/yoast.com\/product\/yoast-seo-wordpress\/ -->\n<title>Solution de data visualisation et tableaux de bord - Huwise<\/title>\n<meta name=\"description\" content=\"Pilotez vos activit\u00e9s avec nos outils de reporting personnalis\u00e9s : Visualisations de donn\u00e9es, tableaux de bord.\" \/>\n<meta name=\"robots\" content=\"index, follow, max-snippet:-1, max-image-preview:large, max-video-preview:-1\" \/>\n<link rel=\"canonical\" href=\"https:\/\/www.huwise.com\/fr\/tableaux-de-bord-rapport\/\" \/>\n<meta property=\"og:locale\" content=\"fr_FR\" \/>\n<meta property=\"og:type\" content=\"article\" \/>\n<meta property=\"og:title\" content=\"Solution de data visualisation et tableaux de bord - Huwise\" \/>\n<meta property=\"og:description\" content=\"Pilotez vos activit\u00e9s avec nos outils de reporting personnalis\u00e9s : Visualisations de donn\u00e9es, tableaux de bord.\" \/>\n<meta property=\"og:url\" content=\"https:\/\/www.huwise.com\/fr\/tableaux-de-bord-rapport\/\" \/>\n<meta property=\"og:site_name\" content=\"Huwise\" \/>\n<meta property=\"article:modified_time\" content=\"2025-12-18T11:32:57+00:00\" \/>\n<meta property=\"og:image\" content=\"https:\/\/www.huwise.com\/wp-content\/uploads\/2025\/09\/Header-dashboarding-and-reporting.jpg\" \/>\n\t<meta property=\"og:image:width\" content=\"1400\" \/>\n\t<meta property=\"og:image:height\" content=\"800\" \/>\n\t<meta property=\"og:image:type\" content=\"image\/jpeg\" \/>\n<meta name=\"twitter:card\" content=\"summary_large_image\" \/>\n<script type=\"application\/ld+json\" class=\"yoast-schema-graph\">{\n\t    \"@context\": \"https:\/\/schema.org\",\n\t    \"@graph\": [\n\t        {\n\t            \"@type\": \"WebPage\",\n\t            \"@id\": \"https:\/\/www.huwise.com\/fr\/tableaux-de-bord-rapport\/\",\n\t            \"url\": \"https:\/\/www.huwise.com\/fr\/tableaux-de-bord-rapport\/\",\n\t            \"name\": \"Solution de data visualisation et tableaux de bord - Huwise\",\n\t            \"isPartOf\": {\n\t                \"@id\": \"https:\/\/www.huwise.com\/fr\/#website\"\n\t            },\n\t            \"primaryImageOfPage\": {\n\t                \"@id\": \"https:\/\/www.huwise.com\/fr\/tableaux-de-bord-rapport\/#primaryimage\"\n\t            },\n\t            \"image\": {\n\t                \"@id\": \"https:\/\/www.huwise.com\/fr\/tableaux-de-bord-rapport\/#primaryimage\"\n\t            },\n\t            \"thumbnailUrl\": \"https:\/\/www.huwise.com\/wp-content\/uploads\/2025\/09\/Header-dashboarding-and-reporting.jpg\",\n\t            \"datePublished\": \"2024-06-24T19:01:45+00:00\",\n\t            \"dateModified\": \"2025-12-18T11:32:57+00:00\",\n\t            \"description\": \"Pilotez vos activit\u00e9s avec nos outils de reporting personnalis\u00e9s : Visualisations de donn\u00e9es, tableaux de bord.\",\n\t            \"breadcrumb\": {\n\t                \"@id\": \"https:\/\/www.huwise.com\/fr\/tableaux-de-bord-rapport\/#breadcrumb\"\n\t            },\n\t            \"inLanguage\": \"fr-FR\",\n\t            \"potentialAction\": [\n\t                {\n\t                    \"@type\": \"ReadAction\",\n\t                    \"target\": [\n\t                        \"https:\/\/www.huwise.com\/fr\/tableaux-de-bord-rapport\/\"\n\t                    ]\n\t                }\n\t            ]\n\t        },\n\t        {\n\t            \"@type\": \"ImageObject\",\n\t            \"inLanguage\": \"fr-FR\",\n\t            \"@id\": \"https:\/\/www.huwise.com\/fr\/tableaux-de-bord-rapport\/#primaryimage\",\n\t            \"url\": \"https:\/\/www.huwise.com\/wp-content\/uploads\/2025\/09\/Header-dashboarding-and-reporting.jpg\",\n\t            \"contentUrl\": \"https:\/\/www.huwise.com\/wp-content\/uploads\/2025\/09\/Header-dashboarding-and-reporting.jpg\",\n\t            \"width\": 1400,\n\t            \"height\": 800\n\t        },\n\t        {\n\t            \"@type\": \"BreadcrumbList\",\n\t            \"@id\": \"https:\/\/www.huwise.com\/fr\/tableaux-de-bord-rapport\/#breadcrumb\",\n\t            \"itemListElement\": [\n\t                {\n\t                    \"@type\": \"ListItem\",\n\t                    \"position\": 1,\n\t                    \"name\": \"Home\",\n\t                    \"item\": \"https:\/\/www.huwise.com\/fr\/\"\n\t                },\n\t                {\n\t                    \"@type\": \"ListItem\",\n\t                    \"position\": 2,\n\t                    \"name\": \"Tableaux de bord et rapports\"\n\t                }\n\t            ]\n\t        },\n\t        {\n\t            \"@type\": \"WebSite\",\n\t            \"@id\": \"https:\/\/www.huwise.com\/fr\/#website\",\n\t            \"url\": \"https:\/\/www.huwise.com\/fr\/\",\n\t            \"name\": \"Huwise\",\n\t            \"description\": \"Leading solution for data sharing\",\n\t            \"publisher\": {\n\t                \"@id\": \"https:\/\/www.huwise.com\/fr\/#organization\"\n\t            },\n\t            \"potentialAction\": [\n\t                {\n\t                    \"@type\": \"SearchAction\",\n\t                    \"target\": {\n\t                        \"@type\": \"EntryPoint\",\n\t                        \"urlTemplate\": \"https:\/\/www.huwise.com\/fr\/?s={search_term_string}\"\n\t                    },\n\t                    \"query-input\": {\n\t                        \"@type\": \"PropertyValueSpecification\",\n\t                        \"valueRequired\": true,\n\t                        \"valueName\": \"search_term_string\"\n\t                    }\n\t                }\n\t            ],\n\t            \"inLanguage\": \"fr-FR\"\n\t        },\n\t        {\n\t            \"@type\": \"Organization\",\n\t            \"@id\": \"https:\/\/www.huwise.com\/fr\/#organization\",\n\t            \"name\": \"Huwise\",\n\t            \"url\": \"https:\/\/www.huwise.com\/fr\/\",\n\t            \"logo\": {\n\t                \"@type\": \"ImageObject\",\n\t                \"inLanguage\": \"fr-FR\",\n\t                \"@id\": \"https:\/\/www.huwise.com\/fr\/#\/schema\/logo\/image\/\",\n\t                \"url\": \"https:\/\/www.huwise.com\/wp-content\/uploads\/2025\/12\/cropped-Favicon_512x512.png\",\n\t                \"contentUrl\": \"https:\/\/www.huwise.com\/wp-content\/uploads\/2025\/12\/cropped-Favicon_512x512.png\",\n\t                \"width\": 512,\n\t                \"height\": 512,\n\t                \"caption\": \"Huwise\"\n\t            },\n\t            \"image\": {\n\t                \"@id\": \"https:\/\/www.huwise.com\/fr\/#\/schema\/logo\/image\/\"\n\t            }\n\t        }\n\t    ]\n\t}<\/script>\n<!-- \/ Yoast SEO plugin. -->","yoast_head_json":{"title":"Solution de data visualisation et tableaux de bord - Huwise","description":"Pilotez vos activit\u00e9s avec nos outils de reporting personnalis\u00e9s : Visualisations de donn\u00e9es, tableaux de bord.","robots":{"index":"index","follow":"follow","max-snippet":"max-snippet:-1","max-image-preview":"max-image-preview:large","max-video-preview":"max-video-preview:-1"},"canonical":"https:\/\/www.huwise.com\/fr\/tableaux-de-bord-rapport\/","og_locale":"fr_FR","og_type":"article","og_title":"Solution de data visualisation et tableaux de bord - Huwise","og_description":"Pilotez vos activit\u00e9s avec nos outils de reporting personnalis\u00e9s : Visualisations de donn\u00e9es, tableaux de bord.","og_url":"https:\/\/www.huwise.com\/fr\/tableaux-de-bord-rapport\/","og_site_name":"Huwise","article_modified_time":"2025-12-18T11:32:57+00:00","og_image":[{"width":1400,"height":800,"url":"https:\/\/www.huwise.com\/wp-content\/uploads\/2025\/09\/Header-dashboarding-and-reporting.jpg","type":"image\/jpeg"}],"twitter_card":"summary_large_image","schema":{"@context":"https:\/\/schema.org","@graph":[{"@type":"WebPage","@id":"https:\/\/www.huwise.com\/fr\/tableaux-de-bord-rapport\/","url":"https:\/\/www.huwise.com\/fr\/tableaux-de-bord-rapport\/","name":"Solution de data visualisation et tableaux de bord - Huwise","isPartOf":{"@id":"https:\/\/www.huwise.com\/fr\/#website"},"primaryImageOfPage":{"@id":"https:\/\/www.huwise.com\/fr\/tableaux-de-bord-rapport\/#primaryimage"},"image":{"@id":"https:\/\/www.huwise.com\/fr\/tableaux-de-bord-rapport\/#primaryimage"},"thumbnailUrl":"https:\/\/www.huwise.com\/wp-content\/uploads\/2025\/09\/Header-dashboarding-and-reporting.jpg","datePublished":"2024-06-24T19:01:45+00:00","dateModified":"2025-12-18T11:32:57+00:00","description":"Pilotez vos activit\u00e9s avec nos outils de reporting personnalis\u00e9s : Visualisations de donn\u00e9es, tableaux de bord.","breadcrumb":{"@id":"https:\/\/www.huwise.com\/fr\/tableaux-de-bord-rapport\/#breadcrumb"},"inLanguage":"fr-FR","potentialAction":[{"@type":"ReadAction","target":["https:\/\/www.huwise.com\/fr\/tableaux-de-bord-rapport\/"]}]},{"@type":"ImageObject","inLanguage":"fr-FR","@id":"https:\/\/www.huwise.com\/fr\/tableaux-de-bord-rapport\/#primaryimage","url":"https:\/\/www.huwise.com\/wp-content\/uploads\/2025\/09\/Header-dashboarding-and-reporting.jpg","contentUrl":"https:\/\/www.huwise.com\/wp-content\/uploads\/2025\/09\/Header-dashboarding-and-reporting.jpg","width":1400,"height":800},{"@type":"BreadcrumbList","@id":"https:\/\/www.huwise.com\/fr\/tableaux-de-bord-rapport\/#breadcrumb","itemListElement":[{"@type":"ListItem","position":1,"name":"Home","item":"https:\/\/www.huwise.com\/fr\/"},{"@type":"ListItem","position":2,"name":"Tableaux de bord et rapports"}]},{"@type":"WebSite","@id":"https:\/\/www.huwise.com\/fr\/#website","url":"https:\/\/www.huwise.com\/fr\/","name":"Huwise","description":"Leading solution for data sharing","publisher":{"@id":"https:\/\/www.huwise.com\/fr\/#organization"},"potentialAction":[{"@type":"SearchAction","target":{"@type":"EntryPoint","urlTemplate":"https:\/\/www.huwise.com\/fr\/?s={search_term_string}"},"query-input":{"@type":"PropertyValueSpecification","valueRequired":true,"valueName":"search_term_string"}}],"inLanguage":"fr-FR"},{"@type":"Organization","@id":"https:\/\/www.huwise.com\/fr\/#organization","name":"Huwise","url":"https:\/\/www.huwise.com\/fr\/","logo":{"@type":"ImageObject","inLanguage":"fr-FR","@id":"https:\/\/www.huwise.com\/fr\/#\/schema\/logo\/image\/","url":"https:\/\/www.huwise.com\/wp-content\/uploads\/2025\/12\/cropped-Favicon_512x512.png","contentUrl":"https:\/\/www.huwise.com\/wp-content\/uploads\/2025\/12\/cropped-Favicon_512x512.png","width":512,"height":512,"caption":"Huwise"},"image":{"@id":"https:\/\/www.huwise.com\/fr\/#\/schema\/logo\/image\/"}}]}},"_links":{"self":[{"href":"https:\/\/www.huwise.com\/fr\/wp-json\/wp\/v2\/pages\/26453","targetHints":{"allow":["GET"]}}],"collection":[{"href":"https:\/\/www.huwise.com\/fr\/wp-json\/wp\/v2\/pages"}],"about":[{"href":"https:\/\/www.huwise.com\/fr\/wp-json\/wp\/v2\/types\/page"}],"author":[{"embeddable":true,"href":"https:\/\/www.huwise.com\/fr\/wp-json\/wp\/v2\/users\/3"}],"replies":[{"embeddable":true,"href":"https:\/\/www.huwise.com\/fr\/wp-json\/wp\/v2\/comments?post=26453"}],"version-history":[{"count":21,"href":"https:\/\/www.huwise.com\/fr\/wp-json\/wp\/v2\/pages\/26453\/revisions"}],"predecessor-version":[{"id":38338,"href":"https:\/\/www.huwise.com\/fr\/wp-json\/wp\/v2\/pages\/26453\/revisions\/38338"}],"wp:featuredmedia":[{"embeddable":true,"href":"https:\/\/www.huwise.com\/fr\/wp-json\/wp\/v2\/media\/36076"}],"wp:attachment":[{"href":"https:\/\/www.huwise.com\/fr\/wp-json\/wp\/v2\/media?parent=26453"}],"wp:term":[{"taxonomy":"page_type","embeddable":true,"href":"https:\/\/www.huwise.com\/fr\/wp-json\/wp\/v2\/page_type?post=26453"}],"curies":[{"name":"wp","href":"https:\/\/api.w.org\/{rel}","templated":true}]}}