{"id":3236,"date":"2024-09-04T11:01:37","date_gmt":"2024-09-04T09:01:37","guid":{"rendered":"https:\/\/www.huwise.com\/?page_id=3236"},"modified":"2025-09-19T09:10:28","modified_gmt":"2025-09-19T07:10:28","slug":"politique-de-confidentialite","status":"publish","type":"page","link":"https:\/\/www.huwise.com\/fr\/politique-de-confidentialite\/","title":{"rendered":"Politique de Confidentialit\u00e9"},"content":{"rendered":"<p>Nous accordons une grande importance \u00e0 la confidentialit\u00e9 et \u00e0 la s\u00e9curit\u00e9 de vos donn\u00e9es personnelles. Cette politique de confidentialit\u00e9 explique comment nous pouvons traiter vos donn\u00e9es lorsque vous utilisez le site Huwise (ci-apr\u00e8s d\u00e9nomm\u00e9 \u00ab\u00a0le Site\u00a0\u00bb) ou dans le cadre de nos activit\u00e9s.<\/p>\n<h2>I. Qui sommes-nous ?<\/h2>\n<p>Cette politique s&rsquo;applique entre toute personne concern\u00e9e par le traitement de ses donn\u00e9es personnelles et HUWISE SAS (ci-apr\u00e8s d\u00e9nomm\u00e9e \u00ab Huwise \u00bb, \u00ab Nous \u00bb), soci\u00e9t\u00e9 par actions simplifi\u00e9e de droit fran\u00e7ais au capital de 399 509 euros immatricul\u00e9e au registre du commerce et des soci\u00e9t\u00e9s de Paris sous le n\u00b0 538 168 329 et ayant son si\u00e8ge social au 32 Avenue de l&rsquo;Op\u00e9ra, 75002 Paris (France).<\/p>\n<h2>II. Comment Huwise s&rsquo;engage pour la protection des donn\u00e9es ?<\/h2>\n<ol start=\"1\">\n<li>\n<h3>Pr\u00e9sentation du RGPD et des objectifs de cette politique de confidentialit\u00e9<\/h3>\n<\/li>\n<\/ol>\n<p>Huwise s&rsquo;engage pour la protection des donn\u00e9es et veille au respect et \u00e0 la protection des donn\u00e9es personnelles. Nous avons plac\u00e9 au centre de nos engagements celui de prot\u00e9ger les donn\u00e9es personnelles de nos clients et utilisateurs, ainsi que les donn\u00e9es personnelles qu&rsquo;ils peuvent nous confier en utilisant le Site ou dans le cadre de nos activit\u00e9s, et par cons\u00e9quent de nous conformer \u00e0 la loi n\u00b078-17 du 6 janvier 1978 dite \u00ab Informatique et Libert\u00e9s \u00bb dans sa version modifi\u00e9e et au R\u00e8glement europ\u00e9en sur la protection des donn\u00e9es n\u00b0 2016\/679 (\u00ab <a href=\"https:\/\/www.huwise.com\/fr\/glossaire\/rgpd-reglement-general-pour-la-protection-des-donnees\/\">RGPD<\/a> \u00bb) entr\u00e9 en vigueur le 25 mai 2018 (ci-apr\u00e8s la \u201cR\u00e9glementation\u201d).<\/p>\n<p>La pr\u00e9sente Politique de confidentialit\u00e9 vous permettra de comprendre comment et pourquoi nous pouvons collecter et traiter des donn\u00e9es personnelles et comment exercer vos droits.<\/p>\n<p>Pour toute question relative \u00e0 ce document, n&rsquo;h\u00e9sitez pas \u00e0 contacter notre D\u00e9l\u00e9gu\u00e9 \u00e0 la protection des donn\u00e9es \u00e0 l\u2019adresse suivante : dpo@huwise.com.<\/p>\n<ol start=\"2\">\n<li>\n<h3>Qui est concern\u00e9 par cette Politique de confidentialit\u00e9 ?<\/h3>\n<\/li>\n<\/ol>\n<p>Cette politique de confidentialit\u00e9 est destin\u00e9e \u00e0 toute personne qui nous fournit ou nous confie des donn\u00e9es personnelles.<\/p>\n<p>Elle peut \u00eatre mise \u00e0 jour, notamment pour tenir compte de l&rsquo;\u00e9volution de nos services, des technologies ou de la R\u00e9glementation. Ces mises \u00e0 jour seront effectives d\u00e8s leur mise \u00e0 disposition sur notre Site.<\/p>\n<ol start=\"3\">\n<li>\n<h3>Qu&rsquo;entend-on par \u00ab donn\u00e9e personnelle \u00bb ?<\/h3>\n<\/li>\n<\/ol>\n<p>Au sens de la R\u00e9glementation, on entend par \u00ab donn\u00e9e \u00e0 caract\u00e8re personnel \u00bb ou \u00ab donn\u00e9e personnelle \u00bb, toute information relative \u00e0 une personne physique identifiable directement ou indirectement, telle que les noms, pr\u00e9noms, adresses \u00e9lectroniques et postales d&rsquo;une personne physique, son image, une adresse IP, une donn\u00e9e de localisation&#8230;<\/p>\n<h2>III. Huwise proc\u00e8de-t-elle \u00e0 des traitements de donn\u00e9es personnelles ?<\/h2>\n<p>Huwise peut \u00eatre amen\u00e9e \u00e0 collecter des donn\u00e9es personnelles lorsque vous visitez le Site, lorsque vous nous contactez ou dans le cadre de nos activit\u00e9s. Ces donn\u00e9es personnelles sont trait\u00e9es par Huwise en tant que responsable de traitement.<\/p>\n<ol>\n<li>\n<h3>Quels types de donn\u00e9es personnelles peuvent \u00eatre trait\u00e9s par Huwise en qualit\u00e9 de responsable de traitement ?<\/h3>\n<\/li>\n<\/ol>\n<p>Lorsque vous naviguez ou interagissez sur notre Site, nous pouvons \u00eatre amen\u00e9s \u00e0 collecter diff\u00e9rentes cat\u00e9gories de donn\u00e9es personnelles. Cela peut inclure, sans s&rsquo;y limiter :<\/p>\n<ul>\n<li style=\"font-weight: 400;\" aria-level=\"1\">Data relating to your identity and professional situation (name, first name, job title, name of employer, sector of activity, professional contact details, etc.).<\/li>\n<li style=\"font-weight: 400;\" aria-level=\"1\">Data relating to your browsing on the Site (logs, IP address, technical data relating to the equipment and browser used, cookies, etc.) and to your following of our communications (cookies and other tracers);<\/li>\n<li style=\"font-weight: 400;\" aria-level=\"1\">Data relating to your job application (CV, etc.).<\/li>\n<\/ul>\n<ol start=\"2\">\n<li>\n<h3>Quelles utilisations de vos donn\u00e9es ?<\/h3>\n<\/li>\n<\/ol>\n<p>Nous traitons les donn\u00e9es \u00e0 caract\u00e8re personnel pour les finalit\u00e9s suivantes, selon les cas :<\/p>\n<ul>\n<li style=\"font-weight: 400;\" aria-level=\"1\">R\u00e9pondre et traiter vos messages, notamment pour toute question ou demande d\u2019information et vos demande de d\u00e9mo<\/li>\n<li style=\"font-weight: 400;\" aria-level=\"1\">Traiter vos inscriptions aux newsletter et\/ou \u00e9v\u00e8nements, vous inviter aux \u00e9v\u00e9nements organis\u00e9s par Huwise ou ses partenaires<\/li>\n<li style=\"font-weight: 400;\" aria-level=\"1\">Communiquer sur les nouvelles fonctionnalit\u00e9s, les offres commerciales ou les derni\u00e8res informations relatives \u00e0 l\u2019activit\u00e9 de Huwise, notamment \u00e0 des fins de prospection<\/li>\n<li style=\"font-weight: 400;\" aria-level=\"1\">G\u00e9rer les candidats ou candidats potentiels et la proc\u00e9dure de recrutement \u00e0 l\u2019une des offres d\u2019emploi Opendatasfoft ;<\/li>\n<li style=\"font-weight: 400;\" aria-level=\"1\">G\u00e9rer la relation client ayant souscrit aux services Huwise<\/li>\n<li style=\"font-weight: 400;\" aria-level=\"1\">Le bon fonctionnement et l\u2019am\u00e9lioration permanente du Site<\/li>\n<li style=\"font-weight: 400;\" aria-level=\"1\">Garantir la s\u00e9curit\u00e9 de notre Site ;<\/li>\n<li style=\"font-weight: 400;\" aria-level=\"1\">Comprendre la navigation des utilisateurs sur notre Site, mais de fa\u00e7on non personnalis\u00e9e.<\/li>\n<\/ul>\n<p><span style=\"font-weight: 400;\">Huwise utilise aussi des cookies pendant que vous naviguez sur son Site. Vous pouvez en savoir plus sur l\u2019utilisation des cookies par Huwise en <a href=\"https:\/\/www.huwise.com\/en\/cookies\/\">cliquant ici<\/a>.<\/span><\/p>\n<p><span style=\"font-weight: 400;\">Selon les cas, le fondement l\u00e9gal du traitement de donn\u00e9es personnelles mis en \u0153uvre peut \u00eatre l&rsquo;un de ceux pr\u00e9vus par la <\/span><span style=\"font-weight: 400;\">R\u00e9glementation<\/span><span style=\"font-weight: 400;\">, et notamment :<\/span><\/p>\n<ul>\n<li style=\"font-weight: 400;\" aria-level=\"1\">votre consentement ;<\/li>\n<li style=\"font-weight: 400;\" aria-level=\"1\">le respect d&rsquo;une obligation l\u00e9gale ;<\/li>\n<li style=\"font-weight: 400;\" aria-level=\"1\">l&rsquo;int\u00e9r\u00eat l\u00e9gitime de Huwise ;<\/li>\n<li style=\"font-weight: 400;\" aria-level=\"1\">l&rsquo;ex\u00e9cution d\u2019un contrat.<\/li>\n<\/ul>\n<ol start=\"3\">\n<li>\n<h3>Quelles sont les dur\u00e9es de conservation applicables ?<\/h3>\n<\/li>\n<\/ol>\n<p>Nous conservons vos donn\u00e9es uniquement le temps n\u00e9cessaire pour les finalit\u00e9s poursuivies et, au maximum, dans les limites pr\u00e9vues par la R\u00e9glementation, soit selon les cas :<\/p>\n<ul>\n<li style=\"font-weight: 400;\" aria-level=\"1\">Pour l\u2019envoi de nos newsletters : jusqu\u2019\u00e0 votre d\u00e9sinscription (via le lien int\u00e9gr\u00e9 aux newsletters).<\/li>\n<li style=\"font-weight: 400;\" aria-level=\"1\">Pour la gestion des clients : 3 ans \u00e0 compter de la fin de la relation commerciale<\/li>\n<li style=\"font-weight: 400;\" aria-level=\"1\">Pour la prospection commerciale : 3 ans \u00e0 compter de notre dernier contact<\/li>\n<li style=\"font-weight: 400;\" aria-level=\"1\">Pour le traitement de vos candidatures et la gestion d\u2019une proc\u00e9dure de recrutement : 2 ans \u00e0 compter de notre dernier contact.<\/li>\n<li style=\"font-weight: 400;\" aria-level=\"1\">Pour le bon fonctionnement et l\u2019am\u00e9lioration permanente du Site : voir les dur\u00e9es indiqu\u00e9es dans la <a href=\"https:\/\/www.huwise.com\/en\/cookies\/\">Politique Cookies<\/a><\/li>\n<\/ul>\n<ol start=\"4\">\n<li>\n<h3>Qui recevra mes donn\u00e9es ?<\/h3>\n<\/li>\n<\/ol>\n<p>Vos donn\u00e9es personnelles ne seront envoy\u00e9es qu&rsquo;au personnel autoris\u00e9 de Huwise ayant besoin de les conna\u00eetre, elles seront trait\u00e9es de mani\u00e8re confidentielle et ne seront pas vendues ou c\u00e9d\u00e9es \u00e0 des tiers sans votre autorisation.<\/p>\n<p>Huwise utilise \u00e9galement certains tiers de confiance pour ex\u00e9cuter certaines fonctions et vous fournir des services. Dans le cas o\u00f9 certains tiers mentionn\u00e9s ci-dessus seraient situ\u00e9s en dehors de l&rsquo;Espace \u00e9conomique europ\u00e9en (EEE), Huwise s&rsquo;assurera que le transfert des donn\u00e9es personnelles est soumis \u00e0 des garanties appropri\u00e9es conform\u00e9ment \u00e0 la R\u00e9glementation.<\/p>\n<ol start=\"5\">\n<li>\n<h3>Ai-je des droits sur mes donn\u00e9es personnelles ? Comment les exercer ?<\/h3>\n<\/li>\n<\/ol>\n<p><span style=\"font-weight: 400;\">Vous disposez d&rsquo;un droit d&rsquo;acc\u00e8s, de modification et de suppression sur les donn\u00e9es qui vous concernent, d\u2019un droit de limitation, \u00e0 la portabilit\u00e9, \u00e0 l\u2019effacement, de retrait du consentement et d\u2019opposition, d\u2019un droit de ne pas faire l\u2019objet de d\u00e9cision fond\u00e9e exclusivement sur un traitement automatis\u00e9, y compris le profilage, ainsi que du droit de d\u00e9finir des directives relatives au sort de vos donn\u00e9es en cas de d\u00e9c\u00e8s que vous pouvez exercer \u00e0 tout moment en adressant un e-mail au D\u00e9l\u00e9gu\u00e9 \u00e0 la Protection des donn\u00e9es de Huwise \u00e0 l\u2019adresse suivante : <\/span><a href=\"mailto:dpo@huwise.com\"><span style=\"font-weight: 400;\">dpo@huwise.com<\/span><\/a><span style=\"font-weight: 400;\">, ou par courrier.\u00a0<\/span><\/p>\n<p><span style=\"font-weight: 400;\">Vous disposez par ailleurs, du droit d\u2019introduire une r\u00e9clamation aupr\u00e8s de la Commission Nationale de l\u2019Informatique et des Libert\u00e9s (CNIL), notamment sur son site internet <\/span><a href=\"http:\/\/www.cnil.fr\" rel=\"nofollow noopener noreferrer\"><span style=\"font-weight: 400;\">www.cnil.fr<\/span><\/a><span style=\"font-weight: 400;\">.<\/span><\/p>\n","protected":false},"excerpt":{"rendered":"<p>Nous accordons une grande importance \u00e0 la confidentialit\u00e9 et \u00e0 la s\u00e9curit\u00e9 de vos donn\u00e9es personnelles. Cette politique de confidentialit\u00e9 explique comment nous pouvons traiter vos donn\u00e9es lorsque vous utilisez le site Huwise (ci-apr\u00e8s d\u00e9nomm\u00e9 \u00ab\u00a0le Site\u00a0\u00bb) ou dans le cadre de nos activit\u00e9s. I. Qui sommes-nous ? Cette politique s&rsquo;applique entre toute personne concern\u00e9e [&hellip;]<\/p>\n","protected":false},"author":1,"featured_media":0,"parent":0,"menu_order":0,"comment_status":"closed","ping_status":"closed","template":"page-features.php","meta":{"_acf_changed":false,"inline_featured_image":false,"footnotes":""},"page_type":[],"class_list":["post-3236","page","type-page","status-publish","hentry"],"acf":[],"yoast_head":"<!-- This site is optimized with the Yoast SEO plugin v27.1.1 - https:\/\/yoast.com\/product\/yoast-seo-wordpress\/ -->\n<title>Politique de Confidentialit\u00e9 - Huwise<\/title>\n<meta name=\"description\" content=\"Pour de plus amples informations sur notre utilisation de vos informations, r\u00e9f\u00e9rez-vous \u00e0 la D\u00e9claration de confidentialit\u00e9 de notre site.\" \/>\n<meta name=\"robots\" content=\"index, follow, max-snippet:-1, max-image-preview:large, max-video-preview:-1\" \/>\n<link rel=\"canonical\" href=\"https:\/\/www.huwise.com\/fr\/politique-de-confidentialite\/\" \/>\n<meta property=\"og:locale\" content=\"fr_FR\" \/>\n<meta property=\"og:type\" content=\"article\" \/>\n<meta property=\"og:title\" content=\"Politique de Confidentialit\u00e9 - Huwise\" \/>\n<meta property=\"og:description\" content=\"Pour de plus amples informations sur notre utilisation de vos informations, r\u00e9f\u00e9rez-vous \u00e0 la D\u00e9claration de confidentialit\u00e9 de notre site.\" \/>\n<meta property=\"og:url\" content=\"https:\/\/www.huwise.com\/fr\/politique-de-confidentialite\/\" \/>\n<meta property=\"og:site_name\" content=\"Huwise\" \/>\n<meta property=\"article:modified_time\" content=\"2025-09-19T07:10:28+00:00\" \/>\n<meta name=\"twitter:card\" content=\"summary_large_image\" \/>\n<meta name=\"twitter:label1\" content=\"Est. reading time\" \/>\n\t<meta name=\"twitter:data1\" content=\"21 minutes\" \/>\n<script type=\"application\/ld+json\" class=\"yoast-schema-graph\">{\n\t    \"@context\": \"https:\/\/schema.org\",\n\t    \"@graph\": [\n\t        {\n\t            \"@type\": \"WebPage\",\n\t            \"@id\": \"https:\/\/www.huwise.com\/fr\/politique-de-confidentialite\/\",\n\t            \"url\": \"https:\/\/www.huwise.com\/fr\/politique-de-confidentialite\/\",\n\t            \"name\": \"Politique de Confidentialit\u00e9 - Huwise\",\n\t            \"isPartOf\": {\n\t                \"@id\": \"https:\/\/www.huwise.com\/fr\/#website\"\n\t            },\n\t            \"datePublished\": \"2024-09-04T09:01:37+00:00\",\n\t            \"dateModified\": \"2025-09-19T07:10:28+00:00\",\n\t            \"description\": \"Pour de plus amples informations sur notre utilisation de vos informations, r\u00e9f\u00e9rez-vous \u00e0 la D\u00e9claration de confidentialit\u00e9 de notre site.\",\n\t            \"breadcrumb\": {\n\t                \"@id\": \"https:\/\/www.huwise.com\/fr\/politique-de-confidentialite\/#breadcrumb\"\n\t            },\n\t            \"inLanguage\": \"fr-FR\",\n\t            \"potentialAction\": [\n\t                {\n\t                    \"@type\": \"ReadAction\",\n\t                    \"target\": [\n\t                        \"https:\/\/www.huwise.com\/fr\/politique-de-confidentialite\/\"\n\t                    ]\n\t                }\n\t            ]\n\t        },\n\t        {\n\t            \"@type\": \"BreadcrumbList\",\n\t            \"@id\": \"https:\/\/www.huwise.com\/fr\/politique-de-confidentialite\/#breadcrumb\",\n\t            \"itemListElement\": [\n\t                {\n\t                    \"@type\": \"ListItem\",\n\t                    \"position\": 1,\n\t                    \"name\": \"Home\",\n\t                    \"item\": \"https:\/\/www.huwise.com\/fr\/\"\n\t                },\n\t                {\n\t                    \"@type\": \"ListItem\",\n\t                    \"position\": 2,\n\t                    \"name\": \"Politique de Confidentialit\u00e9\"\n\t                }\n\t            ]\n\t        },\n\t        {\n\t            \"@type\": \"WebSite\",\n\t            \"@id\": \"https:\/\/www.huwise.com\/fr\/#website\",\n\t            \"url\": \"https:\/\/www.huwise.com\/fr\/\",\n\t            \"name\": \"Huwise\",\n\t            \"description\": \"Leading solution for data sharing\",\n\t            \"publisher\": {\n\t                \"@id\": \"https:\/\/www.huwise.com\/fr\/#organization\"\n\t            },\n\t            \"potentialAction\": [\n\t                {\n\t                    \"@type\": \"SearchAction\",\n\t                    \"target\": {\n\t                        \"@type\": \"EntryPoint\",\n\t                        \"urlTemplate\": \"https:\/\/www.huwise.com\/fr\/?s={search_term_string}\"\n\t                    },\n\t                    \"query-input\": {\n\t                        \"@type\": \"PropertyValueSpecification\",\n\t                        \"valueRequired\": true,\n\t                        \"valueName\": \"search_term_string\"\n\t                    }\n\t                }\n\t            ],\n\t            \"inLanguage\": \"fr-FR\"\n\t        },\n\t        {\n\t            \"@type\": \"Organization\",\n\t            \"@id\": \"https:\/\/www.huwise.com\/fr\/#organization\",\n\t            \"name\": \"Huwise\",\n\t            \"url\": \"https:\/\/www.huwise.com\/fr\/\",\n\t            \"logo\": {\n\t                \"@type\": \"ImageObject\",\n\t                \"inLanguage\": \"fr-FR\",\n\t                \"@id\": \"https:\/\/www.huwise.com\/fr\/#\/schema\/logo\/image\/\",\n\t                \"url\": \"https:\/\/www.huwise.com\/wp-content\/uploads\/2025\/12\/cropped-Favicon_512x512.png\",\n\t                \"contentUrl\": \"https:\/\/www.huwise.com\/wp-content\/uploads\/2025\/12\/cropped-Favicon_512x512.png\",\n\t                \"width\": 512,\n\t                \"height\": 512,\n\t                \"caption\": \"Huwise\"\n\t            },\n\t            \"image\": {\n\t                \"@id\": \"https:\/\/www.huwise.com\/fr\/#\/schema\/logo\/image\/\"\n\t            }\n\t        }\n\t    ]\n\t}<\/script>\n<!-- \/ Yoast SEO plugin. -->","yoast_head_json":{"title":"Politique de Confidentialit\u00e9 - Huwise","description":"Pour de plus amples informations sur notre utilisation de vos informations, r\u00e9f\u00e9rez-vous \u00e0 la D\u00e9claration de confidentialit\u00e9 de notre site.","robots":{"index":"index","follow":"follow","max-snippet":"max-snippet:-1","max-image-preview":"max-image-preview:large","max-video-preview":"max-video-preview:-1"},"canonical":"https:\/\/www.huwise.com\/fr\/politique-de-confidentialite\/","og_locale":"fr_FR","og_type":"article","og_title":"Politique de Confidentialit\u00e9 - Huwise","og_description":"Pour de plus amples informations sur notre utilisation de vos informations, r\u00e9f\u00e9rez-vous \u00e0 la D\u00e9claration de confidentialit\u00e9 de notre site.","og_url":"https:\/\/www.huwise.com\/fr\/politique-de-confidentialite\/","og_site_name":"Huwise","article_modified_time":"2025-09-19T07:10:28+00:00","twitter_card":"summary_large_image","twitter_misc":{"Est. reading time":"21 minutes"},"schema":{"@context":"https:\/\/schema.org","@graph":[{"@type":"WebPage","@id":"https:\/\/www.huwise.com\/fr\/politique-de-confidentialite\/","url":"https:\/\/www.huwise.com\/fr\/politique-de-confidentialite\/","name":"Politique de Confidentialit\u00e9 - Huwise","isPartOf":{"@id":"https:\/\/www.huwise.com\/fr\/#website"},"datePublished":"2024-09-04T09:01:37+00:00","dateModified":"2025-09-19T07:10:28+00:00","description":"Pour de plus amples informations sur notre utilisation de vos informations, r\u00e9f\u00e9rez-vous \u00e0 la D\u00e9claration de confidentialit\u00e9 de notre site.","breadcrumb":{"@id":"https:\/\/www.huwise.com\/fr\/politique-de-confidentialite\/#breadcrumb"},"inLanguage":"fr-FR","potentialAction":[{"@type":"ReadAction","target":["https:\/\/www.huwise.com\/fr\/politique-de-confidentialite\/"]}]},{"@type":"BreadcrumbList","@id":"https:\/\/www.huwise.com\/fr\/politique-de-confidentialite\/#breadcrumb","itemListElement":[{"@type":"ListItem","position":1,"name":"Home","item":"https:\/\/www.huwise.com\/fr\/"},{"@type":"ListItem","position":2,"name":"Politique de Confidentialit\u00e9"}]},{"@type":"WebSite","@id":"https:\/\/www.huwise.com\/fr\/#website","url":"https:\/\/www.huwise.com\/fr\/","name":"Huwise","description":"Leading solution for data sharing","publisher":{"@id":"https:\/\/www.huwise.com\/fr\/#organization"},"potentialAction":[{"@type":"SearchAction","target":{"@type":"EntryPoint","urlTemplate":"https:\/\/www.huwise.com\/fr\/?s={search_term_string}"},"query-input":{"@type":"PropertyValueSpecification","valueRequired":true,"valueName":"search_term_string"}}],"inLanguage":"fr-FR"},{"@type":"Organization","@id":"https:\/\/www.huwise.com\/fr\/#organization","name":"Huwise","url":"https:\/\/www.huwise.com\/fr\/","logo":{"@type":"ImageObject","inLanguage":"fr-FR","@id":"https:\/\/www.huwise.com\/fr\/#\/schema\/logo\/image\/","url":"https:\/\/www.huwise.com\/wp-content\/uploads\/2025\/12\/cropped-Favicon_512x512.png","contentUrl":"https:\/\/www.huwise.com\/wp-content\/uploads\/2025\/12\/cropped-Favicon_512x512.png","width":512,"height":512,"caption":"Huwise"},"image":{"@id":"https:\/\/www.huwise.com\/fr\/#\/schema\/logo\/image\/"}}]}},"_links":{"self":[{"href":"https:\/\/www.huwise.com\/fr\/wp-json\/wp\/v2\/pages\/3236","targetHints":{"allow":["GET"]}}],"collection":[{"href":"https:\/\/www.huwise.com\/fr\/wp-json\/wp\/v2\/pages"}],"about":[{"href":"https:\/\/www.huwise.com\/fr\/wp-json\/wp\/v2\/types\/page"}],"author":[{"embeddable":true,"href":"https:\/\/www.huwise.com\/fr\/wp-json\/wp\/v2\/users\/1"}],"replies":[{"embeddable":true,"href":"https:\/\/www.huwise.com\/fr\/wp-json\/wp\/v2\/comments?post=3236"}],"version-history":[{"count":11,"href":"https:\/\/www.huwise.com\/fr\/wp-json\/wp\/v2\/pages\/3236\/revisions"}],"predecessor-version":[{"id":35198,"href":"https:\/\/www.huwise.com\/fr\/wp-json\/wp\/v2\/pages\/3236\/revisions\/35198"}],"wp:attachment":[{"href":"https:\/\/www.huwise.com\/fr\/wp-json\/wp\/v2\/media?parent=3236"}],"wp:term":[{"taxonomy":"page_type","embeddable":true,"href":"https:\/\/www.huwise.com\/fr\/wp-json\/wp\/v2\/page_type?post=3236"}],"curies":[{"name":"wp","href":"https:\/\/api.w.org\/{rel}","templated":true}]}}